{"id":342,"date":"2024-10-08T11:18:05","date_gmt":"2024-10-08T11:18:05","guid":{"rendered":"https:\/\/quannhaem.com\/?page_id=342"},"modified":"2024-10-08T22:13:57","modified_gmt":"2024-10-08T22:13:57","slug":"ve-chung-toi","status":"publish","type":"page","link":"https:\/\/quannhaem.com\/?page_id=342","title":{"rendered":"V\u1ec1 ch\u00fang t\u00f4i"},"content":{"rendered":"\t\t<div data-elementor-type=\"wp-page\" data-elementor-id=\"342\" class=\"elementor elementor-342\" data-elementor-settings=\"{&quot;element_pack_global_tooltip_width&quot;:{&quot;unit&quot;:&quot;px&quot;,&quot;size&quot;:&quot;&quot;,&quot;sizes&quot;:[]},&quot;element_pack_global_tooltip_width_tablet&quot;:{&quot;unit&quot;:&quot;px&quot;,&quot;size&quot;:&quot;&quot;,&quot;sizes&quot;:[]},&quot;element_pack_global_tooltip_width_mobile&quot;:{&quot;unit&quot;:&quot;px&quot;,&quot;size&quot;:&quot;&quot;,&quot;sizes&quot;:[]},&quot;element_pack_global_tooltip_padding&quot;:{&quot;unit&quot;:&quot;px&quot;,&quot;top&quot;:&quot;&quot;,&quot;right&quot;:&quot;&quot;,&quot;bottom&quot;:&quot;&quot;,&quot;left&quot;:&quot;&quot;,&quot;isLinked&quot;:true},&quot;element_pack_global_tooltip_padding_tablet&quot;:{&quot;unit&quot;:&quot;px&quot;,&quot;top&quot;:&quot;&quot;,&quot;right&quot;:&quot;&quot;,&quot;bottom&quot;:&quot;&quot;,&quot;left&quot;:&quot;&quot;,&quot;isLinked&quot;:true},&quot;element_pack_global_tooltip_padding_mobile&quot;:{&quot;unit&quot;:&quot;px&quot;,&quot;top&quot;:&quot;&quot;,&quot;right&quot;:&quot;&quot;,&quot;bottom&quot;:&quot;&quot;,&quot;left&quot;:&quot;&quot;,&quot;isLinked&quot;:true},&quot;element_pack_global_tooltip_border_radius&quot;:{&quot;unit&quot;:&quot;px&quot;,&quot;top&quot;:&quot;&quot;,&quot;right&quot;:&quot;&quot;,&quot;bottom&quot;:&quot;&quot;,&quot;left&quot;:&quot;&quot;,&quot;isLinked&quot;:true},&quot;element_pack_global_tooltip_border_radius_tablet&quot;:{&quot;unit&quot;:&quot;px&quot;,&quot;top&quot;:&quot;&quot;,&quot;right&quot;:&quot;&quot;,&quot;bottom&quot;:&quot;&quot;,&quot;left&quot;:&quot;&quot;,&quot;isLinked&quot;:true},&quot;element_pack_global_tooltip_border_radius_mobile&quot;:{&quot;unit&quot;:&quot;px&quot;,&quot;top&quot;:&quot;&quot;,&quot;right&quot;:&quot;&quot;,&quot;bottom&quot;:&quot;&quot;,&quot;left&quot;:&quot;&quot;,&quot;isLinked&quot;:true}}\" data-elementor-post-type=\"page\">\n\t\t\t\t<div class=\"elementor-element elementor-element-7eb9ec2 e-flex e-con-boxed e-con e-parent\" data-id=\"7eb9ec2\" data-element_type=\"container\" data-settings=\"{&quot;background_background&quot;:&quot;classic&quot;}\">\n\t\t\t\t\t<div class=\"e-con-inner\">\n\t\t\t\t\t<\/div>\n\t\t\t\t<\/div>\n\t\t<div class=\"elementor-element elementor-element-b458fa9 e-flex e-con-boxed e-con e-parent\" data-id=\"b458fa9\" data-element_type=\"container\" data-settings=\"{&quot;background_background&quot;:&quot;classic&quot;}\">\n\t\t\t\t\t<div class=\"e-con-inner\">\n\t\t<div class=\"elementor-element elementor-element-d903a4c e-con-full e-flex e-con e-child\" data-id=\"d903a4c\" data-element_type=\"container\">\n\t\t\t\t<div class=\"elementor-element elementor-element-d8d1c40 elementor-widget elementor-widget-heading\" data-id=\"d8d1c40\" data-element_type=\"widget\" data-widget_type=\"heading.default\">\n\t\t\t\t\t<h2 class=\"elementor-heading-title elementor-size-default\">Ch\u00e0o M\u1eebng \u0110\u1ebfn V\u1edbi Qu\u00e1n Nh\u00e0 Em - M\u1ed3i B\u00e9n Bia Ngon X\u00e3 L\u00e1ng Zuii!<\/h2>\t\t\t\t<\/div>\n\t\t\t\t<div class=\"elementor-element elementor-element-83fe52e elementor-widget elementor-widget-text-editor\" data-id=\"83fe52e\" data-element_type=\"widget\" data-widget_type=\"text-editor.default\">\n\t\t\t\t\t\t\t\t\t<p>T\u1ea1i <strong>Qu\u00e1n Nh\u00e0 Em<\/strong>, ch\u00fang t\u00f4i kh\u00f4ng ch\u1ec9 mang \u0111\u1ebfn nh\u1eefng m\u00f3n \u0103n ngon mi\u1ec7ng, m\u00e0 c\u00f2n mang c\u1ea3 h\u1ed3n c\u1ed1t c\u1ee7a v\u0103n h\u00f3a \u1ea9m th\u1ef1c H\u00e0 N\u1ed9i \u0111\u1ebfn v\u1edbi th\u1ef1c kh\u00e1ch. \u0110\u01b0\u1ee3c thi\u1ebft k\u1ebf nh\u01b0 m\u1ed9t ng\u00f4i nh\u00e0 \u1ea5m \u00e1p gi\u1eefa l\u00f2ng H\u00e0 N\u1ed9i, qu\u00e1n l\u00e0 n\u01a1i l\u00fd t\u01b0\u1edfng \u0111\u1ec3 b\u1ea1n t\u1eadn h\u01b0\u1edfng nh\u1eefng gi\u00e2y ph\u00fat sum h\u1ecdp b\u00ean gia \u0111\u00ecnh v\u00e0 b\u1ea1n b\u00e8.<\/p><h4><strong>Kh\u00e1m Ph\u00e1 H\u01b0\u01a1ng V\u1ecb Truy\u1ec1n Th\u1ed1ng<\/strong><\/h4><p>T\u1eeb nh\u1eefng m\u00f3n nh\u1eafm h\u1ea5p d\u1eabn \u0111\u1ebfn nh\u1eefng m\u00f3n ch\u00ednh \u0111\u1eadm \u0111\u00e0, m\u1ed7i m\u00f3n \u0103n c\u1ee7a ch\u00fang t\u00f4i \u0111\u1ec1u l\u00e0 k\u1ebft qu\u1ea3 c\u1ee7a s\u1ef1 k\u1ebft h\u1ee3p ho\u00e0n h\u1ea3o gi\u1eefa nguy\u00ean li\u1ec7u t\u01b0\u01a1i ngon v\u00e0 t\u00ecnh y\u00eau \u1ea9m th\u1ef1c. \u0110\u1ed9i ng\u0169 \u0111\u1ea7u b\u1ebfp gi\u00e0u kinh nghi\u1ec7m c\u1ee7a ch\u00fang t\u00f4i t\u1ef1 h\u00e0o mang \u0111\u1ebfn nh\u1eefng m\u00f3n \u0103n truy\u1ec1n th\u1ed1ng \u0111\u01b0\u1ee3c ch\u1ebf bi\u1ebfn t\u1eeb c\u00f4ng th\u1ee9c gia truy\u1ec1n, gi\u1eef tr\u1ecdn h\u01b0\u01a1ng v\u1ecb qu\u00ea h\u01b0\u01a1ng.<\/p>\t\t\t\t\t\t\t\t<\/div>\n\t\t\t\t<\/div>\n\t\t<div class=\"elementor-element elementor-element-3d58a5b e-con-full e-flex e-con e-child\" data-id=\"3d58a5b\" data-element_type=\"container\">\n\t\t\t\t<div class=\"elementor-element elementor-element-70ed632 elementor-widget__width-initial elementor-absolute elementor-widget elementor-widget-image\" data-id=\"70ed632\" data-element_type=\"widget\" data-settings=\"{&quot;_position&quot;:&quot;absolute&quot;,&quot;motion_fx_motion_fx_scrolling&quot;:&quot;yes&quot;,&quot;motion_fx_rotateZ_effect&quot;:&quot;yes&quot;,&quot;motion_fx_rotateZ_direction&quot;:&quot;negative&quot;,&quot;motion_fx_rotateZ_speed&quot;:{&quot;unit&quot;:&quot;px&quot;,&quot;size&quot;:2,&quot;sizes&quot;:[]},&quot;motion_fx_rotateZ_affectedRange&quot;:{&quot;unit&quot;:&quot;%&quot;,&quot;size&quot;:&quot;&quot;,&quot;sizes&quot;:{&quot;start&quot;:0,&quot;end&quot;:50}},&quot;motion_fx_devices&quot;:[&quot;desktop&quot;,&quot;tablet&quot;,&quot;mobile&quot;]}\" data-widget_type=\"image.default\">\n\t\t\t\t\t\t\t\t\t\t\t\t\t\t\t<img decoding=\"async\" width=\"100\" height=\"100\" src=\"https:\/\/quannhaem.com\/wp-content\/uploads\/2024\/10\/icons8-garlic-100.png\" class=\"attachment-full size-full wp-image-80\" alt=\"\" \/>\t\t\t\t\t\t\t\t\t\t\t\t\t\t\t<\/div>\n\t\t\t\t<div class=\"elementor-element elementor-element-52a52bf elementor-widget elementor-widget-image\" data-id=\"52a52bf\" data-element_type=\"widget\" data-widget_type=\"image.default\">\n\t\t\t\t\t\t\t\t\t\t\t\t\t\t\t<img fetchpriority=\"high\" decoding=\"async\" width=\"640\" height=\"426\" src=\"https:\/\/quannhaem.com\/wp-content\/uploads\/2024\/10\/monan.png\" class=\"attachment-full size-full wp-image-573\" alt=\"\" srcset=\"https:\/\/quannhaem.com\/wp-content\/uploads\/2024\/10\/monan.png 640w, https:\/\/quannhaem.com\/wp-content\/uploads\/2024\/10\/monan-300x200.png 300w\" sizes=\"(max-width: 640px) 100vw, 640px\" \/>\t\t\t\t\t\t\t\t\t\t\t\t\t\t\t<\/div>\n\t\t\t\t<\/div>\n\t\t\t\t\t<\/div>\n\t\t\t\t<\/div>\n\t\t<div class=\"elementor-element elementor-element-46f6a0d e-flex e-con-boxed e-con e-parent\" data-id=\"46f6a0d\" data-element_type=\"container\">\n\t\t\t\t\t<div class=\"e-con-inner\">\n\t\t\t\t<div class=\"elementor-element elementor-element-0ec66e2 elementor-widget__width-initial phan-hoi elementor-widget elementor-widget-heading\" data-id=\"0ec66e2\" data-element_type=\"widget\" data-widget_type=\"heading.default\">\n\t\t\t\t\t<h2 class=\"elementor-heading-title elementor-size-default\">\u0110i\u1ec3m \u0111\u1eb7c bi\u1ec7t c\u1ee7a <br> Qu\u00e1n Nh\u00e0 Em<\/h2>\t\t\t\t<\/div>\n\t\t\t\t<div class=\"elementor-element elementor-element-c6e92a6 tabs-ve-chung-toi e-n-tabs-mobile elementor-widget elementor-widget-n-tabs\" data-id=\"c6e92a6\" data-element_type=\"widget\" data-settings=\"{&quot;tabs_justify_horizontal&quot;:&quot;end&quot;,&quot;horizontal_scroll&quot;:&quot;disable&quot;}\" data-widget_type=\"nested-tabs.default\">\n\t\t\t\t\t\t\t<div class=\"e-n-tabs\" data-widget-number=\"208573094\" aria-label=\"C\u00e1c tab. M\u1edf m\u1ee5c b\u1eb1ng ph\u00edm Enter ho\u1eb7c Space, \u0111\u00f3ng b\u1eb1ng ph\u00edm Esc v\u00e0 di chuy\u1ec3n b\u1eb1ng c\u00e1c ph\u00edm m\u0169i t\u00ean.\">\n\t\t\t<div class=\"e-n-tabs-heading\" role=\"tablist\">\n\t\t\t\t\t<button id=\"e-n-tab-title-2085730941\" class=\"e-n-tab-title\" aria-selected=\"true\" data-tab-index=\"1\" role=\"tab\" tabindex=\"0\" aria-controls=\"e-n-tab-content-2085730941\" style=\"--n-tabs-title-order: 1;\">\n\t\t\t\t\t\t<span class=\"e-n-tab-title-text\">\n\t\t\t\t\u1ea8m th\u1ef1c\t\t\t<\/span>\n\t\t<\/button>\n\t\t\t\t<button id=\"e-n-tab-title-2085730942\" class=\"e-n-tab-title\" aria-selected=\"false\" data-tab-index=\"2\" role=\"tab\" tabindex=\"-1\" aria-controls=\"e-n-tab-content-2085730942\" style=\"--n-tabs-title-order: 2;\">\n\t\t\t\t\t\t<span class=\"e-n-tab-title-text\">\n\t\t\t\tKh\u00f4ng gian\t\t\t<\/span>\n\t\t<\/button>\n\t\t\t\t<button id=\"e-n-tab-title-2085730943\" class=\"e-n-tab-title\" aria-selected=\"false\" data-tab-index=\"3\" role=\"tab\" tabindex=\"-1\" aria-controls=\"e-n-tab-content-2085730943\" style=\"--n-tabs-title-order: 3;\">\n\t\t\t\t\t\t<span class=\"e-n-tab-title-text\">\n\t\t\t\tCon ng\u01b0\u1eddi\t\t\t<\/span>\n\t\t<\/button>\n\t\t\t\t\t<\/div>\n\t\t\t<div class=\"e-n-tabs-content\">\n\t\t\t\t<div id=\"e-n-tab-content-2085730941\" role=\"tabpanel\" aria-labelledby=\"e-n-tab-title-2085730941\" data-tab-index=\"1\" style=\"--n-tabs-title-order: 1;\" class=\"e-active elementor-element elementor-element-8544f23 e-con-full e-flex e-con e-child\" data-id=\"8544f23\" data-element_type=\"container\">\n\t\t\t\t<div class=\"elementor-element elementor-element-4e83958 elementor-widget elementor-widget-template\" data-id=\"4e83958\" data-element_type=\"widget\" data-widget_type=\"template.default\">\n\t\t\t\t<div class=\"elementor-widget-container\">\n\t\t\t\t\t\t\t<div class=\"elementor-template\">\n\t\t\t\t\t<div data-elementor-type=\"container\" data-elementor-id=\"575\" class=\"elementor elementor-575\" data-elementor-post-type=\"elementor_library\">\n\t\t\t\t<div class=\"elementor-element elementor-element-425b8d3 e-flex e-con-boxed e-con e-parent\" data-id=\"425b8d3\" data-element_type=\"container\">\n\t\t\t\t\t<div class=\"e-con-inner\">\n\t\t<div class=\"elementor-element elementor-element-d18246e e-con-full e-flex e-con e-child\" data-id=\"d18246e\" data-element_type=\"container\">\n\t\t\t\t<div class=\"elementor-element elementor-element-16a2b12 elementor-widget elementor-widget-image\" data-id=\"16a2b12\" data-element_type=\"widget\" data-widget_type=\"image.default\">\n\t\t\t\t\t\t\t\t\t\t\t\t\t\t\t\t<a href=\"https:\/\/quannhaem.com\/wp-content\/uploads\/2024\/10\/am-thuc-tab.jpg\" data-elementor-open-lightbox=\"yes\" data-e-action-hash=\"#elementor-action%3Aaction%3Dlightbox%26settings%3DeyJpZCI6NTc2LCJ1cmwiOmZhbHNlfQ%3D%3D\">\n\t\t\t\t\t\t\t<img decoding=\"async\" src=\"https:\/\/quannhaem.com\/wp-content\/uploads\/2024\/10\/am-thuc-tab.jpg\" title=\"\" alt=\"\" class=\"elementor-animation-grow\" loading=\"lazy\" \/>\t\t\t\t\t\t\t\t<\/a>\n\t\t\t\t\t\t\t\t\t\t\t\t\t\t\t<\/div>\n\t\t\t\t<\/div>\n\t\t<div class=\"elementor-element elementor-element-4c1f8c4 e-con-full e-flex e-con e-child\" data-id=\"4c1f8c4\" data-element_type=\"container\">\n\t\t\t\t<div class=\"elementor-element elementor-element-d9a4c12 ve-chung-toi elementor-widget elementor-widget-heading\" data-id=\"d9a4c12\" data-element_type=\"widget\" data-widget_type=\"heading.default\">\n\t\t\t\t\t<h3 class=\"elementor-heading-title elementor-size-default\">01. \u1ea8m th\u1ef1c<\/h3>\t\t\t\t<\/div>\n\t\t\t\t<div class=\"elementor-element elementor-element-846d825 elementor-widget elementor-widget-text-editor\" data-id=\"846d825\" data-element_type=\"widget\" data-widget_type=\"text-editor.default\">\n\t\t\t\t\t\t\t\t\t<p>T\u1ea1i <strong>Qu\u00e1n Nh\u00e0 Em<\/strong>, ch\u00fang t\u00f4i tin r\u1eb1ng \u1ea9m th\u1ef1c kh\u00f4ng ch\u1ec9 l\u00e0 vi\u1ec7c \u0103n u\u1ed1ng, m\u00e0 c\u00f2n l\u00e0 m\u1ed9t h\u00e0nh tr\u00ecnh kh\u00e1m ph\u00e1 h\u01b0\u01a1ng v\u1ecb. T\u1eeb nh\u1eefng m\u00f3n nh\u1eafm h\u1ea5p d\u1eabn nh\u01b0 \u0111\u1eadu ph\u1ee5 s\u1ed1t s\u1eefa, \u0111\u1ebfn c\u00e1c m\u00f3n ch\u00ednh \u0111\u1eadm \u0111\u00e0 nh\u01b0 b\u00fan ch\u1ea3, m\u1ed7i m\u00f3n \u0103n \u0111\u1ec1u \u0111\u01b0\u1ee3c ch\u00fang t\u00f4i ch\u0103m ch\u00fat t\u1eeb kh\u00e2u ch\u1ecdn nguy\u00ean li\u1ec7u \u0111\u1ebfn c\u00e1ch ch\u1ebf bi\u1ebfn.<\/p><p>\u0110\u1ed9i ng\u0169 \u0111\u1ea7u b\u1ebfp c\u1ee7a ch\u00fang t\u00f4i l\u00e0 nh\u1eefng ng\u01b0\u1eddi c\u00f3 nhi\u1ec1u n\u0103m kinh nghi\u1ec7m trong ngh\u1ec1, kh\u00f4ng ch\u1ec9 c\u00f3 tay ngh\u1ec1 v\u1eefng v\u00e0ng m\u00e0 c\u00f2n c\u00f3 ni\u1ec1m \u0111am m\u00ea ch\u00e1y b\u1ecfng v\u1edbi \u1ea9m th\u1ef1c Vi\u1ec7t. Ch\u00fang t\u00f4i s\u1eed d\u1ee5ng nguy\u00ean li\u1ec7u t\u01b0\u01a1i ngon, \u0111\u01b0\u1ee3c tuy\u1ec3n ch\u1ecdn k\u1ef9 l\u01b0\u1ee1ng t\u1eeb c\u00e1c nh\u00e0 cung c\u1ea5p \u0111\u1ecba ph\u01b0\u01a1ng, \u0111\u1ea3m b\u1ea3o m\u1ed7i m\u00f3n \u0103n kh\u00f4ng ch\u1ec9 ngon m\u00e0 c\u00f2n an to\u00e0n cho s\u1ee9c kh\u1ecfe.<\/p>\t\t\t\t\t\t\t\t<\/div>\n\t\t\t\t<\/div>\n\t\t\t\t\t<\/div>\n\t\t\t\t<\/div>\n\t\t\t\t<\/div>\n\t\t\t\t<\/div>\n\t\t\t\t\t\t<\/div>\n\t\t\t\t<\/div>\n\t\t\t\t<\/div>\n\t\t<div id=\"e-n-tab-content-2085730942\" role=\"tabpanel\" aria-labelledby=\"e-n-tab-title-2085730942\" data-tab-index=\"2\" style=\"--n-tabs-title-order: 2;\" class=\" elementor-element elementor-element-cb07091 e-con-full e-flex e-con e-child\" data-id=\"cb07091\" data-element_type=\"container\">\n\t\t\t\t<div class=\"elementor-element elementor-element-34b4b57 elementor-widget elementor-widget-template\" data-id=\"34b4b57\" data-element_type=\"widget\" data-widget_type=\"template.default\">\n\t\t\t\t<div class=\"elementor-widget-container\">\n\t\t\t\t\t\t\t<div class=\"elementor-template\">\n\t\t\t\t\t<div data-elementor-type=\"container\" data-elementor-id=\"597\" class=\"elementor elementor-597\" data-elementor-post-type=\"elementor_library\">\n\t\t\t\t<div class=\"elementor-element elementor-element-4fdccfba e-flex e-con-boxed e-con e-parent\" data-id=\"4fdccfba\" data-element_type=\"container\">\n\t\t\t\t\t<div class=\"e-con-inner\">\n\t\t<div class=\"elementor-element elementor-element-1c0a1793 e-con-full e-flex e-con e-child\" data-id=\"1c0a1793\" data-element_type=\"container\">\n\t\t\t\t<div class=\"elementor-element elementor-element-149fefa1 elementor-widget elementor-widget-image\" data-id=\"149fefa1\" data-element_type=\"widget\" data-widget_type=\"image.default\">\n\t\t\t\t\t\t\t\t\t\t\t\t\t\t\t\t<a href=\"https:\/\/quannhaem.com\/wp-content\/uploads\/2024\/10\/khonggian.png\" data-elementor-open-lightbox=\"yes\" data-e-action-hash=\"#elementor-action%3Aaction%3Dlightbox%26settings%3DeyJpZCI6NTk4LCJ1cmwiOmZhbHNlfQ%3D%3D\">\n\t\t\t\t\t\t\t<img decoding=\"async\" src=\"https:\/\/quannhaem.com\/wp-content\/uploads\/2024\/10\/khonggian.png\" title=\"\" alt=\"\" class=\"elementor-animation-grow\" loading=\"lazy\" \/>\t\t\t\t\t\t\t\t<\/a>\n\t\t\t\t\t\t\t\t\t\t\t\t\t\t\t<\/div>\n\t\t\t\t<\/div>\n\t\t<div class=\"elementor-element elementor-element-b5f0535 e-con-full e-flex e-con e-child\" data-id=\"b5f0535\" data-element_type=\"container\">\n\t\t\t\t<div class=\"elementor-element elementor-element-30da5044 ve-chung-toi elementor-widget elementor-widget-heading\" data-id=\"30da5044\" data-element_type=\"widget\" data-widget_type=\"heading.default\">\n\t\t\t\t\t<h3 class=\"elementor-heading-title elementor-size-default\">02. Kh\u00f4ng gian<\/h3>\t\t\t\t<\/div>\n\t\t\t\t<div class=\"elementor-element elementor-element-1dff34db elementor-widget elementor-widget-text-editor\" data-id=\"1dff34db\" data-element_type=\"widget\" data-widget_type=\"text-editor.default\">\n\t\t\t\t\t\t\t\t\t<p>Khi b\u1ea1n b\u01b0\u1edbc v\u00e0o <strong>Qu\u00e1n Nh\u00e0 Em<\/strong>, b\u1ea1n s\u1ebd b\u1ecb cu\u1ed1n h\u00fat b\u1edfi kh\u00f4ng gian \u1ea5m c\u00fang v\u00e0 g\u1ea7n g\u0169i. \u0110\u01b0\u1ee3c thi\u1ebft k\u1ebf tinh t\u1ebf, kh\u00f4ng gian c\u1ee7a ch\u00fang t\u00f4i k\u1ebft h\u1ee3p gi\u1eefa phong c\u00e1ch hi\u1ec7n \u0111\u1ea1i v\u00e0 truy\u1ec1n th\u1ed1ng, t\u1ea1o ra m\u1ed9t b\u1ea7u kh\u00f4ng kh\u00ed th\u00e2n thi\u1ec7n v\u00e0 d\u1ec5 ch\u1ecbu. Nh\u1eefng chi ti\u1ebft nh\u1ecf nh\u01b0 \u00e1nh \u0111\u00e8n v\u00e0ng d\u1ecbu nh\u1eb9, b\u00e0n gh\u1ebf g\u1ed7 t\u1ef1 nhi\u00ean, v\u00e0 nh\u1eefng b\u1ee9c tranh v\u1ec1 qu\u00ea h\u01b0\u01a1ng, t\u1ea5t c\u1ea3 \u0111\u1ec1u mang l\u1ea1i c\u1ea3m gi\u00e1c \u1ea5m \u00e1p v\u00e0 tho\u1ea3i m\u00e1i, nh\u01b0 ch\u00ednh trong ng\u00f4i nh\u00e0 c\u1ee7a b\u1ea1n.<\/p><p>Kh\u00f4ng gian tho\u00e1ng \u0111\u00e3ng v\u1edbi s\u1ef1 b\u00e0i tr\u00ed h\u1ee3p l\u00fd s\u1ebd t\u1ea1o \u0111i\u1ec1u ki\u1ec7n thu\u1eadn l\u1ee3i cho c\u00e1c cu\u1ed9c tr\u00f2 chuy\u1ec7n vui v\u1ebb v\u00e0 nh\u1eefng kho\u1ea3nh kh\u1eafc g\u1eafn b\u00f3 b\u00ean nhau. H\u00e3y \u0111\u1ebfn v\u00e0 tr\u1ea3i nghi\u1ec7m kh\u00f4ng kh\u00ed \u0111\u1ea7m \u1ea5m t\u1ea1i <strong>Qu\u00e1n Nh\u00e0 Em<\/strong>, n\u01a1i m\u00e0 m\u1ed7i b\u1eefa \u0103n kh\u00f4ng ch\u1ec9 l\u00e0 s\u1ef1 k\u1ebft h\u1ee3p c\u1ee7a h\u01b0\u01a1ng v\u1ecb m\u00e0 c\u00f2n l\u00e0 n\u01a1i \u0111\u1ec3 t\u1ea1o n\u00ean nh\u1eefng k\u1ef7 ni\u1ec7m \u0111\u00e1ng nh\u1edb.<\/p>\t\t\t\t\t\t\t\t<\/div>\n\t\t\t\t<\/div>\n\t\t\t\t\t<\/div>\n\t\t\t\t<\/div>\n\t\t\t\t<\/div>\n\t\t\t\t<\/div>\n\t\t\t\t\t\t<\/div>\n\t\t\t\t<\/div>\n\t\t\t\t<\/div>\n\t\t<div id=\"e-n-tab-content-2085730943\" role=\"tabpanel\" aria-labelledby=\"e-n-tab-title-2085730943\" data-tab-index=\"3\" style=\"--n-tabs-title-order: 3;\" class=\" elementor-element elementor-element-11c7362 e-con-full e-flex e-con e-child\" data-id=\"11c7362\" data-element_type=\"container\">\n\t\t\t\t<div class=\"elementor-element elementor-element-5c8a8fd elementor-widget elementor-widget-template\" data-id=\"5c8a8fd\" data-element_type=\"widget\" data-widget_type=\"template.default\">\n\t\t\t\t<div class=\"elementor-widget-container\">\n\t\t\t\t\t\t\t<div class=\"elementor-template\">\n\t\t\t\t\t<div data-elementor-type=\"container\" data-elementor-id=\"604\" class=\"elementor elementor-604\" data-elementor-post-type=\"elementor_library\">\n\t\t\t\t<div class=\"elementor-element elementor-element-314801c2 e-flex e-con-boxed e-con e-parent\" data-id=\"314801c2\" data-element_type=\"container\">\n\t\t\t\t\t<div class=\"e-con-inner\">\n\t\t<div class=\"elementor-element elementor-element-61d5f88e e-con-full e-flex e-con e-child\" data-id=\"61d5f88e\" data-element_type=\"container\">\n\t\t\t\t<div class=\"elementor-element elementor-element-5c4893bc elementor-widget elementor-widget-image\" data-id=\"5c4893bc\" data-element_type=\"widget\" data-widget_type=\"image.default\">\n\t\t\t\t\t\t\t\t\t\t\t\t\t\t\t\t<a href=\"https:\/\/quannhaem.com\/wp-content\/uploads\/2024\/10\/am-thuc-tab.jpg\" data-elementor-open-lightbox=\"yes\" data-e-action-hash=\"#elementor-action%3Aaction%3Dlightbox%26settings%3DeyJpZCI6NTc2LCJ1cmwiOmZhbHNlfQ%3D%3D\">\n\t\t\t\t\t\t\t<img decoding=\"async\" src=\"https:\/\/quannhaem.com\/wp-content\/uploads\/2024\/10\/am-thuc-tab.jpg\" title=\"\" alt=\"\" class=\"elementor-animation-grow\" loading=\"lazy\" \/>\t\t\t\t\t\t\t\t<\/a>\n\t\t\t\t\t\t\t\t\t\t\t\t\t\t\t<\/div>\n\t\t\t\t<\/div>\n\t\t<div class=\"elementor-element elementor-element-6605e9cf e-con-full e-flex e-con e-child\" data-id=\"6605e9cf\" data-element_type=\"container\">\n\t\t\t\t<div class=\"elementor-element elementor-element-1b946fdc ve-chung-toi elementor-widget elementor-widget-heading\" data-id=\"1b946fdc\" data-element_type=\"widget\" data-widget_type=\"heading.default\">\n\t\t\t\t\t<h3 class=\"elementor-heading-title elementor-size-default\">03. Con ng\u01b0\u1eddi<\/h3>\t\t\t\t<\/div>\n\t\t\t\t<div class=\"elementor-element elementor-element-7f81a798 elementor-widget elementor-widget-text-editor\" data-id=\"7f81a798\" data-element_type=\"widget\" data-widget_type=\"text-editor.default\">\n\t\t\t\t\t\t\t\t\t<p>T\u1ea1i <strong>Qu\u00e1n Nh\u00e0 Em<\/strong>, nh\u00e2n vi\u00ean kh\u00f4ng ch\u1ec9 \u0111\u01a1n thu\u1ea7n l\u00e0 nh\u1eefng ng\u01b0\u1eddi ph\u1ee5c v\u1ee5, m\u00e0 h\u1ecd c\u00f2n l\u00e0 nh\u1eefng ng\u01b0\u1eddi b\u1ea1n \u0111\u1ed3ng h\u00e0nh trong h\u00e0nh tr\u00ecnh \u1ea9m th\u1ef1c c\u1ee7a b\u1ea1n. H\u1ecd s\u1ebd ch\u00e0o \u0111\u00f3n b\u1ea1n b\u1eb1ng n\u1ee5 c\u01b0\u1eddi th\u00e2n thi\u1ec7n v\u00e0 lu\u00f4n s\u1eb5n s\u00e0ng l\u1eafng nghe nh\u1eefng mong mu\u1ed1n, s\u1edf th\u00edch c\u1ee7a b\u1ea1n.<\/p><p>\u0110\u1ed9i ng\u0169 c\u1ee7a ch\u00fang t\u00f4i \u0111\u01b0\u1ee3c \u0111\u00e0o t\u1ea1o b\u00e0i b\u1ea3n v\u00e0 kh\u00f4ng ng\u1eebng n\u00e2ng cao k\u1ef9 n\u0103ng, \u0111\u1ec3 \u0111\u1ea3m b\u1ea3o r\u1eb1ng m\u1ed7i kh\u00e1ch h\u00e0ng \u0111\u1ec1u nh\u1eadn \u0111\u01b0\u1ee3c d\u1ecbch v\u1ee5 t\u1ed1t nh\u1ea5t. Ch\u00fang t\u00f4i coi kh\u00e1ch h\u00e0ng l\u00e0 gia \u0111\u00ecnh v\u00e0 cam k\u1ebft mang l\u1ea1i kh\u00f4ng ch\u1ec9 s\u1ef1 h\u00e0i l\u00f2ng m\u00e0 c\u00f2n l\u00e0 nh\u1eefng tr\u1ea3i nghi\u1ec7m \u0111\u00e1ng nh\u1edb khi b\u1ea1n gh\u00e9 th\u0103m qu\u00e1n.<\/p>\t\t\t\t\t\t\t\t<\/div>\n\t\t\t\t<\/div>\n\t\t\t\t\t<\/div>\n\t\t\t\t<\/div>\n\t\t\t\t<\/div>\n\t\t\t\t<\/div>\n\t\t\t\t\t\t<\/div>\n\t\t\t\t<\/div>\n\t\t\t\t<\/div>\n\t\t\t\t\t<\/div>\n\t\t<\/div>\n\t\t\t\t\t\t<\/div>\n\t\t\t\t\t<\/div>\n\t\t\t\t<\/div>\n\t\t\t\t<\/div>\n\t\t","protected":false},"excerpt":{"rendered":"<p>Ch\u00e0o M\u1eebng \u0110\u1ebfn V\u1edbi Qu\u00e1n Nh\u00e0 Em &#8211; M\u1ed3i B\u00e9n Bia Ngon X\u00e3 L\u00e1ng Zuii! T\u1ea1i Qu\u00e1n Nh\u00e0 Em, ch\u00fang t\u00f4i kh\u00f4ng ch\u1ec9 mang \u0111\u1ebfn nh\u1eefng m\u00f3n \u0103n ngon mi\u1ec7ng, m\u00e0 c\u00f2n mang c\u1ea3 h\u1ed3n c\u1ed1t c\u1ee7a v\u0103n h\u00f3a \u1ea9m th\u1ef1c H\u00e0 N\u1ed9i \u0111\u1ebfn v\u1edbi th\u1ef1c kh\u00e1ch. \u0110\u01b0\u1ee3c thi\u1ebft k\u1ebf nh\u01b0 m\u1ed9t ng\u00f4i nh\u00e0 \u1ea5m [&hellip;]<\/p>\n","protected":false},"author":1,"featured_media":0,"parent":0,"menu_order":0,"comment_status":"closed","ping_status":"closed","template":"elementor_header_footer","meta":{"footnotes":""},"class_list":["post-342","page","type-page","status-publish","hentry"],"_links":{"self":[{"href":"https:\/\/quannhaem.com\/index.php?rest_route=\/wp\/v2\/pages\/342","targetHints":{"allow":["GET"]}}],"collection":[{"href":"https:\/\/quannhaem.com\/index.php?rest_route=\/wp\/v2\/pages"}],"about":[{"href":"https:\/\/quannhaem.com\/index.php?rest_route=\/wp\/v2\/types\/page"}],"author":[{"embeddable":true,"href":"https:\/\/quannhaem.com\/index.php?rest_route=\/wp\/v2\/users\/1"}],"replies":[{"embeddable":true,"href":"https:\/\/quannhaem.com\/index.php?rest_route=%2Fwp%2Fv2%2Fcomments&post=342"}],"version-history":[{"count":0,"href":"https:\/\/quannhaem.com\/index.php?rest_route=\/wp\/v2\/pages\/342\/revisions"}],"wp:attachment":[{"href":"https:\/\/quannhaem.com\/index.php?rest_route=%2Fwp%2Fv2%2Fmedia&parent=342"}],"curies":[{"name":"wp","href":"https:\/\/api.w.org\/{rel}","templated":true}]}}